{"id":4617,"date":"2022-12-06T15:36:03","date_gmt":"2022-12-06T15:36:03","guid":{"rendered":"https:\/\/energieaktivatoren.com\/shop-2\/my-account\/"},"modified":"2022-12-06T15:36:04","modified_gmt":"2022-12-06T15:36:04","slug":"my-account","status":"publish","type":"page","link":"https:\/\/energieaktivatoren.com\/en\/my-account\/","title":{"rendered":"My account"},"content":{"rendered":"<div class=\"woocommerce\"><\/div>\n","protected":false},"excerpt":{"rendered":"","protected":false},"author":1,"featured_media":0,"parent":0,"menu_order":36,"comment_status":"closed","ping_status":"closed","template":"","meta":{"_acf_changed":false,"inline_featured_image":false,"site-sidebar-layout":"no-sidebar","site-content-layout":"plain-container","ast-site-content-layout":"default","site-content-style":"default","site-sidebar-style":"default","ast-global-header-display":"","ast-banner-title-visibility":"","ast-main-header-display":"","ast-hfb-above-header-display":"","ast-hfb-below-header-display":"","ast-hfb-mobile-header-display":"","site-post-title":"","ast-breadcrumbs-content":"","ast-featured-img":"","footer-sml-layout":"","ast-disable-related-posts":"","theme-transparent-header-meta":"default","adv-header-id-meta":"","stick-header-meta":"default","header-above-stick-meta":"","header-main-stick-meta":"","header-below-stick-meta":"","astra-migrate-meta-layouts":"default","ast-page-background-enabled":"default","ast-page-background-meta":{"desktop":{"background-color":"","background-image":"","background-repeat":"repeat","background-position":"center center","background-size":"auto","background-attachment":"scroll","background-type":"","background-media":"","overlay-type":"","overlay-color":"","overlay-opacity":"","overlay-gradient":""},"tablet":{"background-color":"","background-image":"","background-repeat":"repeat","background-position":"center center","background-size":"auto","background-attachment":"scroll","background-type":"","background-media":"","overlay-type":"","overlay-color":"","overlay-opacity":"","overlay-gradient":""},"mobile":{"background-color":"","background-image":"","background-repeat":"repeat","background-position":"center center","background-size":"auto","background-attachment":"scroll","background-type":"","background-media":"","overlay-type":"","overlay-color":"","overlay-opacity":"","overlay-gradient":""}},"ast-content-background-meta":{"desktop":{"background-color":"var(--ast-global-color-5)","background-image":"","background-repeat":"repeat","background-position":"center center","background-size":"auto","background-attachment":"scroll","background-type":"","background-media":"","overlay-type":"","overlay-color":"","overlay-opacity":"","overlay-gradient":""},"tablet":{"background-color":"var(--ast-global-color-5)","background-image":"","background-repeat":"repeat","background-position":"center center","background-size":"auto","background-attachment":"scroll","background-type":"","background-media":"","overlay-type":"","overlay-color":"","overlay-opacity":"","overlay-gradient":""},"mobile":{"background-color":"var(--ast-global-color-5)","background-image":"","background-repeat":"repeat","background-position":"center center","background-size":"auto","background-attachment":"scroll","background-type":"","background-media":"","overlay-type":"","overlay-color":"","overlay-opacity":"","overlay-gradient":""}},"footnotes":""},"class_list":["post-4617","page","type-page","status-publish","hentry"],"acf":[],"yoast_head":"<!-- This site is optimized with the Yoast SEO plugin v25.9 - https:\/\/yoast.com\/wordpress\/plugins\/seo\/ -->\n<title>My account - \u00b7B\u00b7I\u00b7S\u00b7 Biophysikalischer Immun-Support<\/title>\n<meta name=\"description\" content=\"Biophysikalischer Immunsupport f\u00fcr dauerhaften Schutz vor Elektrosmog. Die Energieaktivatoren stabilisieren das eigene Energiefeld und verhinderen, dass St\u00f6reinfl\u00fcsse auf den eigenen K\u00f6rper \u00fcbertragen werden.\" \/>\n<meta name=\"robots\" content=\"noindex, follow\" \/>\n<meta property=\"og:locale\" content=\"en_US\" \/>\n<meta property=\"og:type\" content=\"article\" \/>\n<meta property=\"og:title\" content=\"My account - \u00b7B\u00b7I\u00b7S\u00b7 Biophysikalischer Immun-Support\" \/>\n<meta property=\"og:description\" content=\"Biophysikalischer Immunsupport f\u00fcr dauerhaften Schutz vor Elektrosmog. Die Energieaktivatoren stabilisieren das eigene Energiefeld und verhinderen, dass St\u00f6reinfl\u00fcsse auf den eigenen K\u00f6rper \u00fcbertragen werden.\" \/>\n<meta property=\"og:url\" content=\"https:\/\/energieaktivatoren.com\/en\/my-account\/\" \/>\n<meta property=\"og:site_name\" content=\"\u00b7B\u00b7I\u00b7S\u00b7 Biophysikalischer Immun-Support\" \/>\n<meta property=\"article:modified_time\" content=\"2022-12-06T15:36:04+00:00\" \/>\n<meta name=\"twitter:card\" content=\"summary_large_image\" \/>\n<script type=\"application\/ld+json\" class=\"yoast-schema-graph\">{\"@context\":\"https:\/\/schema.org\",\"@graph\":[{\"@type\":\"WebPage\",\"@id\":\"https:\/\/energieaktivatoren.com\/en\/my-account\/\",\"url\":\"https:\/\/energieaktivatoren.com\/en\/my-account\/\",\"name\":\"My account - \u00b7B\u00b7I\u00b7S\u00b7 Biophysikalischer Immun-Support\",\"isPartOf\":{\"@id\":\"https:\/\/energieaktivatoren.com\/en\/#website\"},\"datePublished\":\"2022-12-06T15:36:03+00:00\",\"dateModified\":\"2022-12-06T15:36:04+00:00\",\"description\":\"Biophysikalischer Immunsupport f\u00fcr dauerhaften Schutz vor Elektrosmog. Die Energieaktivatoren stabilisieren das eigene Energiefeld und verhinderen, dass St\u00f6reinfl\u00fcsse auf den eigenen K\u00f6rper \u00fcbertragen werden.\",\"breadcrumb\":{\"@id\":\"https:\/\/energieaktivatoren.com\/en\/my-account\/#breadcrumb\"},\"inLanguage\":\"en-US\",\"potentialAction\":[{\"@type\":\"ReadAction\",\"target\":[\"https:\/\/energieaktivatoren.com\/en\/my-account\/\"]}]},{\"@type\":\"BreadcrumbList\",\"@id\":\"https:\/\/energieaktivatoren.com\/en\/my-account\/#breadcrumb\",\"itemListElement\":[{\"@type\":\"ListItem\",\"position\":1,\"name\":\"Startseite\",\"item\":\"https:\/\/energieaktivatoren.com\/en\/\"},{\"@type\":\"ListItem\",\"position\":2,\"name\":\"Shop\",\"item\":\"https:\/\/energieaktivatoren.com\/en\/shop\/\"},{\"@type\":\"ListItem\",\"position\":3,\"name\":\"My account\"}]},{\"@type\":\"WebSite\",\"@id\":\"https:\/\/energieaktivatoren.com\/en\/#website\",\"url\":\"https:\/\/energieaktivatoren.com\/en\/\",\"name\":\"\u00b7B\u00b7I\u00b7S\u00b7 Biophysikalischer Immun-Support\",\"description\":\"Biophysikalischer Immunsupport f\u00fcr dauerhaften Schutz vor Elektrosmog. Die Energieaktivatoren stabilisieren das eigene Energiefeld und verhinderen, dass St\u00f6reinfl\u00fcsse auf den eigenen K\u00f6rper \u00fcbertragen werden.\",\"publisher\":{\"@id\":\"https:\/\/energieaktivatoren.com\/en\/#organization\"},\"potentialAction\":[{\"@type\":\"SearchAction\",\"target\":{\"@type\":\"EntryPoint\",\"urlTemplate\":\"https:\/\/energieaktivatoren.com\/en\/?s={search_term_string}\"},\"query-input\":{\"@type\":\"PropertyValueSpecification\",\"valueRequired\":true,\"valueName\":\"search_term_string\"}}],\"inLanguage\":\"en-US\"},{\"@type\":\"Organization\",\"@id\":\"https:\/\/energieaktivatoren.com\/en\/#organization\",\"name\":\"\u00b7B\u00b7I\u00b7S\u00b7 Biophysikalischer Immun-Support\",\"url\":\"https:\/\/energieaktivatoren.com\/en\/\",\"logo\":{\"@type\":\"ImageObject\",\"inLanguage\":\"en-US\",\"@id\":\"https:\/\/energieaktivatoren.com\/en\/#\/schema\/logo\/image\/\",\"url\":\"https:\/\/staging.energieaktivatoren.com\/wp-content\/uploads\/sites\/3\/2020\/05\/bis-logo_sticky.svg\",\"contentUrl\":\"https:\/\/staging.energieaktivatoren.com\/wp-content\/uploads\/sites\/3\/2020\/05\/bis-logo_sticky.svg\",\"width\":\"1024\",\"height\":\"1024\",\"caption\":\"\u00b7B\u00b7I\u00b7S\u00b7 Biophysikalischer Immun-Support\"},\"image\":{\"@id\":\"https:\/\/energieaktivatoren.com\/en\/#\/schema\/logo\/image\/\"}}]}<\/script>\n<!-- \/ Yoast SEO plugin. -->","yoast_head_json":{"title":"My account - \u00b7B\u00b7I\u00b7S\u00b7 Biophysikalischer Immun-Support","description":"Biophysikalischer Immunsupport f\u00fcr dauerhaften Schutz vor Elektrosmog. Die Energieaktivatoren stabilisieren das eigene Energiefeld und verhinderen, dass St\u00f6reinfl\u00fcsse auf den eigenen K\u00f6rper \u00fcbertragen werden.","robots":{"index":"noindex","follow":"follow"},"og_locale":"en_US","og_type":"article","og_title":"My account - \u00b7B\u00b7I\u00b7S\u00b7 Biophysikalischer Immun-Support","og_description":"Biophysikalischer Immunsupport f\u00fcr dauerhaften Schutz vor Elektrosmog. Die Energieaktivatoren stabilisieren das eigene Energiefeld und verhinderen, dass St\u00f6reinfl\u00fcsse auf den eigenen K\u00f6rper \u00fcbertragen werden.","og_url":"https:\/\/energieaktivatoren.com\/en\/my-account\/","og_site_name":"\u00b7B\u00b7I\u00b7S\u00b7 Biophysikalischer Immun-Support","article_modified_time":"2022-12-06T15:36:04+00:00","twitter_card":"summary_large_image","schema":{"@context":"https:\/\/schema.org","@graph":[{"@type":"WebPage","@id":"https:\/\/energieaktivatoren.com\/en\/my-account\/","url":"https:\/\/energieaktivatoren.com\/en\/my-account\/","name":"My account - \u00b7B\u00b7I\u00b7S\u00b7 Biophysikalischer Immun-Support","isPartOf":{"@id":"https:\/\/energieaktivatoren.com\/en\/#website"},"datePublished":"2022-12-06T15:36:03+00:00","dateModified":"2022-12-06T15:36:04+00:00","description":"Biophysikalischer Immunsupport f\u00fcr dauerhaften Schutz vor Elektrosmog. Die Energieaktivatoren stabilisieren das eigene Energiefeld und verhinderen, dass St\u00f6reinfl\u00fcsse auf den eigenen K\u00f6rper \u00fcbertragen werden.","breadcrumb":{"@id":"https:\/\/energieaktivatoren.com\/en\/my-account\/#breadcrumb"},"inLanguage":"en-US","potentialAction":[{"@type":"ReadAction","target":["https:\/\/energieaktivatoren.com\/en\/my-account\/"]}]},{"@type":"BreadcrumbList","@id":"https:\/\/energieaktivatoren.com\/en\/my-account\/#breadcrumb","itemListElement":[{"@type":"ListItem","position":1,"name":"Startseite","item":"https:\/\/energieaktivatoren.com\/en\/"},{"@type":"ListItem","position":2,"name":"Shop","item":"https:\/\/energieaktivatoren.com\/en\/shop\/"},{"@type":"ListItem","position":3,"name":"My account"}]},{"@type":"WebSite","@id":"https:\/\/energieaktivatoren.com\/en\/#website","url":"https:\/\/energieaktivatoren.com\/en\/","name":"\u00b7B\u00b7I\u00b7S\u00b7 Biophysikalischer Immun-Support","description":"Biophysikalischer Immunsupport f\u00fcr dauerhaften Schutz vor Elektrosmog. Die Energieaktivatoren stabilisieren das eigene Energiefeld und verhinderen, dass St\u00f6reinfl\u00fcsse auf den eigenen K\u00f6rper \u00fcbertragen werden.","publisher":{"@id":"https:\/\/energieaktivatoren.com\/en\/#organization"},"potentialAction":[{"@type":"SearchAction","target":{"@type":"EntryPoint","urlTemplate":"https:\/\/energieaktivatoren.com\/en\/?s={search_term_string}"},"query-input":{"@type":"PropertyValueSpecification","valueRequired":true,"valueName":"search_term_string"}}],"inLanguage":"en-US"},{"@type":"Organization","@id":"https:\/\/energieaktivatoren.com\/en\/#organization","name":"\u00b7B\u00b7I\u00b7S\u00b7 Biophysikalischer Immun-Support","url":"https:\/\/energieaktivatoren.com\/en\/","logo":{"@type":"ImageObject","inLanguage":"en-US","@id":"https:\/\/energieaktivatoren.com\/en\/#\/schema\/logo\/image\/","url":"https:\/\/staging.energieaktivatoren.com\/wp-content\/uploads\/sites\/3\/2020\/05\/bis-logo_sticky.svg","contentUrl":"https:\/\/staging.energieaktivatoren.com\/wp-content\/uploads\/sites\/3\/2020\/05\/bis-logo_sticky.svg","width":"1024","height":"1024","caption":"\u00b7B\u00b7I\u00b7S\u00b7 Biophysikalischer Immun-Support"},"image":{"@id":"https:\/\/energieaktivatoren.com\/en\/#\/schema\/logo\/image\/"}}]}},"_links":{"self":[{"href":"https:\/\/energieaktivatoren.com\/en\/wp-json\/wp\/v2\/pages\/4617","targetHints":{"allow":["GET"]}}],"collection":[{"href":"https:\/\/energieaktivatoren.com\/en\/wp-json\/wp\/v2\/pages"}],"about":[{"href":"https:\/\/energieaktivatoren.com\/en\/wp-json\/wp\/v2\/types\/page"}],"author":[{"embeddable":true,"href":"https:\/\/energieaktivatoren.com\/en\/wp-json\/wp\/v2\/users\/1"}],"replies":[{"embeddable":true,"href":"https:\/\/energieaktivatoren.com\/en\/wp-json\/wp\/v2\/comments?post=4617"}],"version-history":[{"count":1,"href":"https:\/\/energieaktivatoren.com\/en\/wp-json\/wp\/v2\/pages\/4617\/revisions"}],"predecessor-version":[{"id":4621,"href":"https:\/\/energieaktivatoren.com\/en\/wp-json\/wp\/v2\/pages\/4617\/revisions\/4621"}],"wp:attachment":[{"href":"https:\/\/energieaktivatoren.com\/en\/wp-json\/wp\/v2\/media?parent=4617"}],"curies":[{"name":"wp","href":"https:\/\/api.w.org\/{rel}","templated":true}]}}