{"id":4567,"date":"2020-05-29T11:30:25","date_gmt":"2022-12-06T15:35:03","guid":{"rendered":"https:\/\/energieaktivatoren.com\/shop\/energy-activator-knowledge\/"},"modified":"2022-12-06T15:35:03","modified_gmt":"2022-12-06T15:35:03","slug":"energy-activator-awareness","status":"publish","type":"product","link":"https:\/\/energieaktivatoren.com\/en\/shop\/energy-activator-awareness\/","title":{"rendered":"Energy Activator KNOWLEDGE"},"content":{"rendered":"<p>With realization, we attain just that in many spiritual areas and do not question it again and again. This gives us yet another option to become faster in our decision-making and action processes.<\/p>\n<p>With these three energy activators for the expansion of consciousness, we have penetrated and optimized our spiritual dimensions and thus manage to enter our emotional dimensions in the hierarchy. These were divided into 3 times 12 dimensions for further activation.<br \/>\nThe first 12 emotional dimensions are assigned to the heart, the next 12 to the DNA and the upper 12 to the feelings. With each energy activator for the emotional dimensions, we can allow more energy to flow in these areas again and are thus able to create access and &#8220;clean up&#8221;. This is the connection to psychosomatic thematic complexes.<\/p>\n","protected":false},"excerpt":{"rendered":"<p>With realization, we attain just that in many spiritual areas and do not question it again and again. This gives us yet another option to become faster in our decision-making and action processes. With these three energy activators for the expansion of consciousness, we have penetrated and optimized our spiritual dimensions and thus manage to [&hellip;]<\/p>\n","protected":false},"featured_media":2599,"template":"","meta":{"_acf_changed":false,"inline_featured_image":false,"site-sidebar-layout":"default","site-content-layout":"default","ast-site-content-layout":"default","site-content-style":"default","site-sidebar-style":"default","ast-global-header-display":"","ast-banner-title-visibility":"","ast-main-header-display":"","ast-hfb-above-header-display":"","ast-hfb-below-header-display":"","ast-hfb-mobile-header-display":"","site-post-title":"","ast-breadcrumbs-content":"","ast-featured-img":"","footer-sml-layout":"","ast-disable-related-posts":"","theme-transparent-header-meta":"default","adv-header-id-meta":"","stick-header-meta":"default","header-above-stick-meta":"","header-main-stick-meta":"","header-below-stick-meta":"","astra-migrate-meta-layouts":"default","ast-page-background-enabled":"default","ast-page-background-meta":{"desktop":{"background-color":"","background-image":"","background-repeat":"repeat","background-position":"center center","background-size":"auto","background-attachment":"scroll","background-type":"","background-media":"","overlay-type":"","overlay-color":"","overlay-opacity":"","overlay-gradient":""},"tablet":{"background-color":"","background-image":"","background-repeat":"repeat","background-position":"center center","background-size":"auto","background-attachment":"scroll","background-type":"","background-media":"","overlay-type":"","overlay-color":"","overlay-opacity":"","overlay-gradient":""},"mobile":{"background-color":"","background-image":"","background-repeat":"repeat","background-position":"center center","background-size":"auto","background-attachment":"scroll","background-type":"","background-media":"","overlay-type":"","overlay-color":"","overlay-opacity":"","overlay-gradient":""}},"ast-content-background-meta":{"desktop":{"background-color":"var(--ast-global-color-5)","background-image":"","background-repeat":"repeat","background-position":"center center","background-size":"auto","background-attachment":"scroll","background-type":"","background-media":"","overlay-type":"","overlay-color":"","overlay-opacity":"","overlay-gradient":""},"tablet":{"background-color":"var(--ast-global-color-5)","background-image":"","background-repeat":"repeat","background-position":"center center","background-size":"auto","background-attachment":"scroll","background-type":"","background-media":"","overlay-type":"","overlay-color":"","overlay-opacity":"","overlay-gradient":""},"mobile":{"background-color":"var(--ast-global-color-5)","background-image":"","background-repeat":"repeat","background-position":"center center","background-size":"auto","background-attachment":"scroll","background-type":"","background-media":"","overlay-type":"","overlay-color":"","overlay-opacity":"","overlay-gradient":""}}},"product_brand":[],"product_cat":[48],"product_tag":[],"class_list":{"0":"post-4567","1":"product","2":"type-product","3":"status-publish","4":"has-post-thumbnail","6":"product_cat-general","7":"desktop-align-center","8":"tablet-align-center","9":"mobile-align-center","10":"ast-product-gallery-layout-vertical","11":"ast-product-gallery-with-no-image","12":"ast-magnify-disabled","14":"first","15":"instock","16":"taxable","17":"shipping-taxable","18":"product-type-external"},"acf":[],"yoast_head":"<!-- This site is optimized with the Yoast SEO plugin v25.9 - https:\/\/yoast.com\/wordpress\/plugins\/seo\/ -->\n<title>Energy Activator KNOWLEDGE - \u00b7B\u00b7I\u00b7S\u00b7 Biophysikalischer Immun-Support<\/title>\n<meta name=\"description\" content=\"Biophysical immune support for permanent protection against electrosmog. The energy activators stabilize one&#039;s own energy field and prevent disturbing influences from being transferred to one&#039;s own body.\" \/>\n<meta name=\"robots\" content=\"index, follow, max-snippet:-1, max-image-preview:large, max-video-preview:-1\" \/>\n<link rel=\"canonical\" href=\"https:\/\/energieaktivatoren.com\/en\/shop\/energy-activator-awareness\/\" \/>\n<meta property=\"og:locale\" content=\"en_US\" \/>\n<meta property=\"og:type\" content=\"article\" \/>\n<meta property=\"og:title\" content=\"Energy Activator KNOWLEDGE - \u00b7B\u00b7I\u00b7S\u00b7 Biophysikalischer Immun-Support\" \/>\n<meta property=\"og:description\" content=\"Biophysical immune support for permanent protection against electrosmog. The energy activators stabilize one&#039;s own energy field and prevent disturbing influences from being transferred to one&#039;s own body.\" \/>\n<meta property=\"og:url\" content=\"https:\/\/energieaktivatoren.com\/en\/shop\/energy-activator-awareness\/\" \/>\n<meta property=\"og:site_name\" content=\"\u00b7B\u00b7I\u00b7S\u00b7 Biophysikalischer Immun-Support\" \/>\n<meta property=\"og:image\" content=\"https:\/\/energieaktivatoren.com\/wp-content\/uploads\/sites\/3\/2020\/04\/bewusstein_erkenntnis.png\" \/>\n\t<meta property=\"og:image:width\" content=\"1008\" \/>\n\t<meta property=\"og:image:height\" content=\"674\" \/>\n\t<meta property=\"og:image:type\" content=\"image\/png\" \/>\n<meta name=\"twitter:card\" content=\"summary_large_image\" \/>\n<meta name=\"twitter:label1\" content=\"Est. reading time\" \/>\n\t<meta name=\"twitter:data1\" content=\"1 minute\" \/>\n<script type=\"application\/ld+json\" class=\"yoast-schema-graph\">{\"@context\":\"https:\/\/schema.org\",\"@graph\":[{\"@type\":\"WebPage\",\"@id\":\"https:\/\/energieaktivatoren.com\/en\/shop\/energy-activator-awareness\/\",\"url\":\"https:\/\/energieaktivatoren.com\/en\/shop\/energy-activator-awareness\/\",\"name\":\"Energy Activator KNOWLEDGE - \u00b7B\u00b7I\u00b7S\u00b7 Biophysikalischer Immun-Support\",\"isPartOf\":{\"@id\":\"https:\/\/energieaktivatoren.com\/en\/#website\"},\"primaryImageOfPage\":{\"@id\":\"https:\/\/energieaktivatoren.com\/en\/shop\/energy-activator-awareness\/#primaryimage\"},\"image\":{\"@id\":\"https:\/\/energieaktivatoren.com\/en\/shop\/energy-activator-awareness\/#primaryimage\"},\"thumbnailUrl\":\"https:\/\/energieaktivatoren.com\/wp-content\/uploads\/sites\/3\/2020\/04\/bewusstein_erkenntnis.png\",\"datePublished\":\"2022-12-06T15:35:03+00:00\",\"description\":\"Biophysical immune support for permanent protection against electrosmog. The energy activators stabilize one's own energy field and prevent disturbing influences from being transferred to one's own body.\",\"breadcrumb\":{\"@id\":\"https:\/\/energieaktivatoren.com\/en\/shop\/energy-activator-awareness\/#breadcrumb\"},\"inLanguage\":\"en-US\",\"potentialAction\":[{\"@type\":\"ReadAction\",\"target\":[\"https:\/\/energieaktivatoren.com\/en\/shop\/energy-activator-awareness\/\"]}]},{\"@type\":\"ImageObject\",\"inLanguage\":\"en-US\",\"@id\":\"https:\/\/energieaktivatoren.com\/en\/shop\/energy-activator-awareness\/#primaryimage\",\"url\":\"https:\/\/energieaktivatoren.com\/wp-content\/uploads\/sites\/3\/2020\/04\/bewusstein_erkenntnis.png\",\"contentUrl\":\"https:\/\/energieaktivatoren.com\/wp-content\/uploads\/sites\/3\/2020\/04\/bewusstein_erkenntnis.png\",\"width\":1008,\"height\":674},{\"@type\":\"BreadcrumbList\",\"@id\":\"https:\/\/energieaktivatoren.com\/en\/shop\/energy-activator-awareness\/#breadcrumb\",\"itemListElement\":[{\"@type\":\"ListItem\",\"position\":1,\"name\":\"Startseite\",\"item\":\"https:\/\/energieaktivatoren.com\/en\/\"},{\"@type\":\"ListItem\",\"position\":2,\"name\":\"Shop\",\"item\":\"https:\/\/energieaktivatoren.com\/en\/shop\/\"},{\"@type\":\"ListItem\",\"position\":3,\"name\":\"Energy Activator KNOWLEDGE\"}]},{\"@type\":\"WebSite\",\"@id\":\"https:\/\/energieaktivatoren.com\/en\/#website\",\"url\":\"https:\/\/energieaktivatoren.com\/en\/\",\"name\":\"\u00b7B\u00b7I\u00b7S\u00b7 Biophysikalischer Immun-Support\",\"description\":\"Biophysikalischer Immunsupport f\u00fcr dauerhaften Schutz vor Elektrosmog. Die Energieaktivatoren stabilisieren das eigene Energiefeld und verhinderen, dass St\u00f6reinfl\u00fcsse auf den eigenen K\u00f6rper \u00fcbertragen werden.\",\"publisher\":{\"@id\":\"https:\/\/energieaktivatoren.com\/en\/#organization\"},\"potentialAction\":[{\"@type\":\"SearchAction\",\"target\":{\"@type\":\"EntryPoint\",\"urlTemplate\":\"https:\/\/energieaktivatoren.com\/en\/?s={search_term_string}\"},\"query-input\":{\"@type\":\"PropertyValueSpecification\",\"valueRequired\":true,\"valueName\":\"search_term_string\"}}],\"inLanguage\":\"en-US\"},{\"@type\":\"Organization\",\"@id\":\"https:\/\/energieaktivatoren.com\/en\/#organization\",\"name\":\"\u00b7B\u00b7I\u00b7S\u00b7 Biophysikalischer Immun-Support\",\"url\":\"https:\/\/energieaktivatoren.com\/en\/\",\"logo\":{\"@type\":\"ImageObject\",\"inLanguage\":\"en-US\",\"@id\":\"https:\/\/energieaktivatoren.com\/en\/#\/schema\/logo\/image\/\",\"url\":\"https:\/\/staging.energieaktivatoren.com\/wp-content\/uploads\/sites\/3\/2020\/05\/bis-logo_sticky.svg\",\"contentUrl\":\"https:\/\/staging.energieaktivatoren.com\/wp-content\/uploads\/sites\/3\/2020\/05\/bis-logo_sticky.svg\",\"width\":\"1024\",\"height\":\"1024\",\"caption\":\"\u00b7B\u00b7I\u00b7S\u00b7 Biophysikalischer Immun-Support\"},\"image\":{\"@id\":\"https:\/\/energieaktivatoren.com\/en\/#\/schema\/logo\/image\/\"}}]}<\/script>\n<!-- \/ Yoast SEO plugin. -->","yoast_head_json":{"title":"Energy Activator KNOWLEDGE - \u00b7B\u00b7I\u00b7S\u00b7 Biophysikalischer Immun-Support","description":"Biophysical immune support for permanent protection against electrosmog. The energy activators stabilize one's own energy field and prevent disturbing influences from being transferred to one's own body.","robots":{"index":"index","follow":"follow","max-snippet":"max-snippet:-1","max-image-preview":"max-image-preview:large","max-video-preview":"max-video-preview:-1"},"canonical":"https:\/\/energieaktivatoren.com\/en\/shop\/energy-activator-awareness\/","og_locale":"en_US","og_type":"article","og_title":"Energy Activator KNOWLEDGE - \u00b7B\u00b7I\u00b7S\u00b7 Biophysikalischer Immun-Support","og_description":"Biophysical immune support for permanent protection against electrosmog. The energy activators stabilize one's own energy field and prevent disturbing influences from being transferred to one's own body.","og_url":"https:\/\/energieaktivatoren.com\/en\/shop\/energy-activator-awareness\/","og_site_name":"\u00b7B\u00b7I\u00b7S\u00b7 Biophysikalischer Immun-Support","og_image":[{"width":1008,"height":674,"url":"https:\/\/energieaktivatoren.com\/wp-content\/uploads\/sites\/3\/2020\/04\/bewusstein_erkenntnis.png","type":"image\/png"}],"twitter_card":"summary_large_image","twitter_misc":{"Est. reading time":"1 minute"},"schema":{"@context":"https:\/\/schema.org","@graph":[{"@type":"WebPage","@id":"https:\/\/energieaktivatoren.com\/en\/shop\/energy-activator-awareness\/","url":"https:\/\/energieaktivatoren.com\/en\/shop\/energy-activator-awareness\/","name":"Energy Activator KNOWLEDGE - \u00b7B\u00b7I\u00b7S\u00b7 Biophysikalischer Immun-Support","isPartOf":{"@id":"https:\/\/energieaktivatoren.com\/en\/#website"},"primaryImageOfPage":{"@id":"https:\/\/energieaktivatoren.com\/en\/shop\/energy-activator-awareness\/#primaryimage"},"image":{"@id":"https:\/\/energieaktivatoren.com\/en\/shop\/energy-activator-awareness\/#primaryimage"},"thumbnailUrl":"https:\/\/energieaktivatoren.com\/wp-content\/uploads\/sites\/3\/2020\/04\/bewusstein_erkenntnis.png","datePublished":"2022-12-06T15:35:03+00:00","description":"Biophysical immune support for permanent protection against electrosmog. The energy activators stabilize one's own energy field and prevent disturbing influences from being transferred to one's own body.","breadcrumb":{"@id":"https:\/\/energieaktivatoren.com\/en\/shop\/energy-activator-awareness\/#breadcrumb"},"inLanguage":"en-US","potentialAction":[{"@type":"ReadAction","target":["https:\/\/energieaktivatoren.com\/en\/shop\/energy-activator-awareness\/"]}]},{"@type":"ImageObject","inLanguage":"en-US","@id":"https:\/\/energieaktivatoren.com\/en\/shop\/energy-activator-awareness\/#primaryimage","url":"https:\/\/energieaktivatoren.com\/wp-content\/uploads\/sites\/3\/2020\/04\/bewusstein_erkenntnis.png","contentUrl":"https:\/\/energieaktivatoren.com\/wp-content\/uploads\/sites\/3\/2020\/04\/bewusstein_erkenntnis.png","width":1008,"height":674},{"@type":"BreadcrumbList","@id":"https:\/\/energieaktivatoren.com\/en\/shop\/energy-activator-awareness\/#breadcrumb","itemListElement":[{"@type":"ListItem","position":1,"name":"Startseite","item":"https:\/\/energieaktivatoren.com\/en\/"},{"@type":"ListItem","position":2,"name":"Shop","item":"https:\/\/energieaktivatoren.com\/en\/shop\/"},{"@type":"ListItem","position":3,"name":"Energy Activator KNOWLEDGE"}]},{"@type":"WebSite","@id":"https:\/\/energieaktivatoren.com\/en\/#website","url":"https:\/\/energieaktivatoren.com\/en\/","name":"\u00b7B\u00b7I\u00b7S\u00b7 Biophysikalischer Immun-Support","description":"Biophysikalischer Immunsupport f\u00fcr dauerhaften Schutz vor Elektrosmog. Die Energieaktivatoren stabilisieren das eigene Energiefeld und verhinderen, dass St\u00f6reinfl\u00fcsse auf den eigenen K\u00f6rper \u00fcbertragen werden.","publisher":{"@id":"https:\/\/energieaktivatoren.com\/en\/#organization"},"potentialAction":[{"@type":"SearchAction","target":{"@type":"EntryPoint","urlTemplate":"https:\/\/energieaktivatoren.com\/en\/?s={search_term_string}"},"query-input":{"@type":"PropertyValueSpecification","valueRequired":true,"valueName":"search_term_string"}}],"inLanguage":"en-US"},{"@type":"Organization","@id":"https:\/\/energieaktivatoren.com\/en\/#organization","name":"\u00b7B\u00b7I\u00b7S\u00b7 Biophysikalischer Immun-Support","url":"https:\/\/energieaktivatoren.com\/en\/","logo":{"@type":"ImageObject","inLanguage":"en-US","@id":"https:\/\/energieaktivatoren.com\/en\/#\/schema\/logo\/image\/","url":"https:\/\/staging.energieaktivatoren.com\/wp-content\/uploads\/sites\/3\/2020\/05\/bis-logo_sticky.svg","contentUrl":"https:\/\/staging.energieaktivatoren.com\/wp-content\/uploads\/sites\/3\/2020\/05\/bis-logo_sticky.svg","width":"1024","height":"1024","caption":"\u00b7B\u00b7I\u00b7S\u00b7 Biophysikalischer Immun-Support"},"image":{"@id":"https:\/\/energieaktivatoren.com\/en\/#\/schema\/logo\/image\/"}}]}},"_links":{"self":[{"href":"https:\/\/energieaktivatoren.com\/en\/wp-json\/wp\/v2\/product\/4567","targetHints":{"allow":["GET"]}}],"collection":[{"href":"https:\/\/energieaktivatoren.com\/en\/wp-json\/wp\/v2\/product"}],"about":[{"href":"https:\/\/energieaktivatoren.com\/en\/wp-json\/wp\/v2\/types\/product"}],"wp:featuredmedia":[{"embeddable":true,"href":"https:\/\/energieaktivatoren.com\/en\/wp-json\/wp\/v2\/media\/2599"}],"wp:attachment":[{"href":"https:\/\/energieaktivatoren.com\/en\/wp-json\/wp\/v2\/media?parent=4567"}],"wp:term":[{"taxonomy":"product_brand","embeddable":true,"href":"https:\/\/energieaktivatoren.com\/en\/wp-json\/wp\/v2\/product_brand?post=4567"},{"taxonomy":"product_cat","embeddable":true,"href":"https:\/\/energieaktivatoren.com\/en\/wp-json\/wp\/v2\/product_cat?post=4567"},{"taxonomy":"product_tag","embeddable":true,"href":"https:\/\/energieaktivatoren.com\/en\/wp-json\/wp\/v2\/product_tag?post=4567"}],"curies":[{"name":"wp","href":"https:\/\/api.w.org\/{rel}","templated":true}]}}