{"id":4601,"date":"2020-06-03T14:48:51","date_gmt":"2022-12-06T15:35:39","guid":{"rendered":"https:\/\/energieaktivatoren.com\/shop\/base\/"},"modified":"2024-08-12T12:17:47","modified_gmt":"2024-08-12T12:17:47","slug":"basis-2","status":"publish","type":"product","link":"https:\/\/energieaktivatoren.com\/en\/shop\/basis-2\/","title":{"rendered":"Base"},"content":{"rendered":"<p><strong>For on the go and better sleep<\/strong><\/p>\n<p>The new sleeping place harmonizer to optimize the sleeping place for a more restful nightly regeneration phase in combination with an energy activator to stabilize the body&#8217;s own biophysical protective shield.<\/p>\n<p>The sleeping place harmonizer harmonizes interference fields, which are directed from the bottom to the top (natural grid fields, such as water veins, sediment faults, fissures incl. technical parts). Horizontal interference fields and omnipresent interference fields (such as WLAN) are neutralized only with IPR spatial harmonization.<\/p>\n<p>The additional energy activator energetically harmonizes chronic stress factors through biophysical neutralization, in which it strengthens the chakras and stabilizes one&#8217;s own energetic protective shield.<\/p>\n","protected":false},"excerpt":{"rendered":"<p>For on the go and better sleep The new sleeping place harmonizer to optimize the sleeping place for a more restful nightly regeneration phase in combination with an energy activator to stabilize the body&#8217;s own biophysical protective shield. The sleeping place harmonizer harmonizes interference fields, which are directed from the bottom to the top (natural [&hellip;]<\/p>\n","protected":false},"featured_media":3180,"template":"","meta":{"_acf_changed":false,"inline_featured_image":false,"site-sidebar-layout":"default","site-content-layout":"default","ast-site-content-layout":"default","site-content-style":"default","site-sidebar-style":"default","ast-global-header-display":"","ast-banner-title-visibility":"","ast-main-header-display":"","ast-hfb-above-header-display":"","ast-hfb-below-header-display":"","ast-hfb-mobile-header-display":"","site-post-title":"","ast-breadcrumbs-content":"","ast-featured-img":"","footer-sml-layout":"","ast-disable-related-posts":"","theme-transparent-header-meta":"default","adv-header-id-meta":"","stick-header-meta":"default","header-above-stick-meta":"","header-main-stick-meta":"","header-below-stick-meta":"","astra-migrate-meta-layouts":"default","ast-page-background-enabled":"default","ast-page-background-meta":{"desktop":{"background-color":"","background-image":"","background-repeat":"repeat","background-position":"center center","background-size":"auto","background-attachment":"scroll","background-type":"","background-media":"","overlay-type":"","overlay-color":"","overlay-opacity":"","overlay-gradient":""},"tablet":{"background-color":"","background-image":"","background-repeat":"repeat","background-position":"center center","background-size":"auto","background-attachment":"scroll","background-type":"","background-media":"","overlay-type":"","overlay-color":"","overlay-opacity":"","overlay-gradient":""},"mobile":{"background-color":"","background-image":"","background-repeat":"repeat","background-position":"center center","background-size":"auto","background-attachment":"scroll","background-type":"","background-media":"","overlay-type":"","overlay-color":"","overlay-opacity":"","overlay-gradient":""}},"ast-content-background-meta":{"desktop":{"background-color":"var(--ast-global-color-5)","background-image":"","background-repeat":"repeat","background-position":"center center","background-size":"auto","background-attachment":"scroll","background-type":"","background-media":"","overlay-type":"","overlay-color":"","overlay-opacity":"","overlay-gradient":""},"tablet":{"background-color":"var(--ast-global-color-5)","background-image":"","background-repeat":"repeat","background-position":"center center","background-size":"auto","background-attachment":"scroll","background-type":"","background-media":"","overlay-type":"","overlay-color":"","overlay-opacity":"","overlay-gradient":""},"mobile":{"background-color":"var(--ast-global-color-5)","background-image":"","background-repeat":"repeat","background-position":"center center","background-size":"auto","background-attachment":"scroll","background-type":"","background-media":"","overlay-type":"","overlay-color":"","overlay-opacity":"","overlay-gradient":""}}},"product_brand":[],"product_cat":[159],"product_tag":[],"class_list":{"0":"post-4601","1":"product","2":"type-product","3":"status-publish","4":"has-post-thumbnail","6":"product_cat-sets-en","7":"desktop-align-center","8":"tablet-align-center","9":"mobile-align-center","10":"ast-product-gallery-layout-vertical","11":"ast-product-gallery-with-no-image","12":"ast-magnify-disabled","14":"first","15":"instock","16":"taxable","17":"shipping-taxable","18":"purchasable","19":"product-type-simple"},"acf":[],"yoast_head":"<!-- This site is optimized with the Yoast SEO plugin v25.9 - https:\/\/yoast.com\/wordpress\/plugins\/seo\/ -->\n<title>Base - \u00b7B\u00b7I\u00b7S\u00b7 Biophysikalischer Immun-Support<\/title>\n<meta name=\"description\" content=\"Biophysical immune support for permanent protection against electrosmog. The energy activators stabilize one&#039;s own energy field and prevent disturbing influences from being transferred to one&#039;s own body.\" \/>\n<meta name=\"robots\" content=\"index, follow, max-snippet:-1, max-image-preview:large, max-video-preview:-1\" \/>\n<link rel=\"canonical\" href=\"https:\/\/energieaktivatoren.com\/en\/shop\/basis-2\/\" \/>\n<meta property=\"og:locale\" content=\"en_US\" \/>\n<meta property=\"og:type\" content=\"article\" \/>\n<meta property=\"og:title\" content=\"Base - \u00b7B\u00b7I\u00b7S\u00b7 Biophysikalischer Immun-Support\" \/>\n<meta property=\"og:description\" content=\"Biophysical immune support for permanent protection against electrosmog. The energy activators stabilize one&#039;s own energy field and prevent disturbing influences from being transferred to one&#039;s own body.\" \/>\n<meta property=\"og:url\" content=\"https:\/\/energieaktivatoren.com\/en\/shop\/basis-2\/\" \/>\n<meta property=\"og:site_name\" content=\"\u00b7B\u00b7I\u00b7S\u00b7 Biophysikalischer Immun-Support\" \/>\n<meta property=\"article:modified_time\" content=\"2024-08-12T12:17:47+00:00\" \/>\n<meta property=\"og:image\" content=\"https:\/\/energieaktivatoren.com\/wp-content\/uploads\/sites\/3\/2020\/05\/schlafplatz-bis.png\" \/>\n\t<meta property=\"og:image:width\" content=\"2016\" \/>\n\t<meta property=\"og:image:height\" content=\"1348\" \/>\n\t<meta property=\"og:image:type\" content=\"image\/png\" \/>\n<meta name=\"twitter:card\" content=\"summary_large_image\" \/>\n<meta name=\"twitter:label1\" content=\"Est. reading time\" \/>\n\t<meta name=\"twitter:data1\" content=\"1 minute\" \/>\n<script type=\"application\/ld+json\" class=\"yoast-schema-graph\">{\"@context\":\"https:\/\/schema.org\",\"@graph\":[{\"@type\":\"WebPage\",\"@id\":\"https:\/\/energieaktivatoren.com\/en\/shop\/basis-2\/\",\"url\":\"https:\/\/energieaktivatoren.com\/en\/shop\/basis-2\/\",\"name\":\"Base - \u00b7B\u00b7I\u00b7S\u00b7 Biophysikalischer Immun-Support\",\"isPartOf\":{\"@id\":\"https:\/\/energieaktivatoren.com\/en\/#website\"},\"primaryImageOfPage\":{\"@id\":\"https:\/\/energieaktivatoren.com\/en\/shop\/basis-2\/#primaryimage\"},\"image\":{\"@id\":\"https:\/\/energieaktivatoren.com\/en\/shop\/basis-2\/#primaryimage\"},\"thumbnailUrl\":\"https:\/\/energieaktivatoren.com\/wp-content\/uploads\/sites\/3\/2020\/05\/schlafplatz-bis.png\",\"datePublished\":\"2022-12-06T15:35:39+00:00\",\"dateModified\":\"2024-08-12T12:17:47+00:00\",\"description\":\"Biophysical immune support for permanent protection against electrosmog. The energy activators stabilize one's own energy field and prevent disturbing influences from being transferred to one's own body.\",\"breadcrumb\":{\"@id\":\"https:\/\/energieaktivatoren.com\/en\/shop\/basis-2\/#breadcrumb\"},\"inLanguage\":\"en-US\",\"potentialAction\":[{\"@type\":\"ReadAction\",\"target\":[\"https:\/\/energieaktivatoren.com\/en\/shop\/basis-2\/\"]}]},{\"@type\":\"ImageObject\",\"inLanguage\":\"en-US\",\"@id\":\"https:\/\/energieaktivatoren.com\/en\/shop\/basis-2\/#primaryimage\",\"url\":\"https:\/\/energieaktivatoren.com\/wp-content\/uploads\/sites\/3\/2020\/05\/schlafplatz-bis.png\",\"contentUrl\":\"https:\/\/energieaktivatoren.com\/wp-content\/uploads\/sites\/3\/2020\/05\/schlafplatz-bis.png\",\"width\":2016,\"height\":1348},{\"@type\":\"BreadcrumbList\",\"@id\":\"https:\/\/energieaktivatoren.com\/en\/shop\/basis-2\/#breadcrumb\",\"itemListElement\":[{\"@type\":\"ListItem\",\"position\":1,\"name\":\"Startseite\",\"item\":\"https:\/\/energieaktivatoren.com\/en\/\"},{\"@type\":\"ListItem\",\"position\":2,\"name\":\"Shop\",\"item\":\"https:\/\/energieaktivatoren.com\/en\/shop\/\"},{\"@type\":\"ListItem\",\"position\":3,\"name\":\"Base\"}]},{\"@type\":\"WebSite\",\"@id\":\"https:\/\/energieaktivatoren.com\/en\/#website\",\"url\":\"https:\/\/energieaktivatoren.com\/en\/\",\"name\":\"\u00b7B\u00b7I\u00b7S\u00b7 Biophysikalischer Immun-Support\",\"description\":\"Biophysikalischer Immunsupport f\u00fcr dauerhaften Schutz vor Elektrosmog. Die Energieaktivatoren stabilisieren das eigene Energiefeld und verhinderen, dass St\u00f6reinfl\u00fcsse auf den eigenen K\u00f6rper \u00fcbertragen werden.\",\"publisher\":{\"@id\":\"https:\/\/energieaktivatoren.com\/en\/#organization\"},\"potentialAction\":[{\"@type\":\"SearchAction\",\"target\":{\"@type\":\"EntryPoint\",\"urlTemplate\":\"https:\/\/energieaktivatoren.com\/en\/?s={search_term_string}\"},\"query-input\":{\"@type\":\"PropertyValueSpecification\",\"valueRequired\":true,\"valueName\":\"search_term_string\"}}],\"inLanguage\":\"en-US\"},{\"@type\":\"Organization\",\"@id\":\"https:\/\/energieaktivatoren.com\/en\/#organization\",\"name\":\"\u00b7B\u00b7I\u00b7S\u00b7 Biophysikalischer Immun-Support\",\"url\":\"https:\/\/energieaktivatoren.com\/en\/\",\"logo\":{\"@type\":\"ImageObject\",\"inLanguage\":\"en-US\",\"@id\":\"https:\/\/energieaktivatoren.com\/en\/#\/schema\/logo\/image\/\",\"url\":\"https:\/\/staging.energieaktivatoren.com\/wp-content\/uploads\/sites\/3\/2020\/05\/bis-logo_sticky.svg\",\"contentUrl\":\"https:\/\/staging.energieaktivatoren.com\/wp-content\/uploads\/sites\/3\/2020\/05\/bis-logo_sticky.svg\",\"width\":\"1024\",\"height\":\"1024\",\"caption\":\"\u00b7B\u00b7I\u00b7S\u00b7 Biophysikalischer Immun-Support\"},\"image\":{\"@id\":\"https:\/\/energieaktivatoren.com\/en\/#\/schema\/logo\/image\/\"}}]}<\/script>\n<!-- \/ Yoast SEO plugin. -->","yoast_head_json":{"title":"Base - \u00b7B\u00b7I\u00b7S\u00b7 Biophysikalischer Immun-Support","description":"Biophysical immune support for permanent protection against electrosmog. The energy activators stabilize one's own energy field and prevent disturbing influences from being transferred to one's own body.","robots":{"index":"index","follow":"follow","max-snippet":"max-snippet:-1","max-image-preview":"max-image-preview:large","max-video-preview":"max-video-preview:-1"},"canonical":"https:\/\/energieaktivatoren.com\/en\/shop\/basis-2\/","og_locale":"en_US","og_type":"article","og_title":"Base - \u00b7B\u00b7I\u00b7S\u00b7 Biophysikalischer Immun-Support","og_description":"Biophysical immune support for permanent protection against electrosmog. The energy activators stabilize one's own energy field and prevent disturbing influences from being transferred to one's own body.","og_url":"https:\/\/energieaktivatoren.com\/en\/shop\/basis-2\/","og_site_name":"\u00b7B\u00b7I\u00b7S\u00b7 Biophysikalischer Immun-Support","article_modified_time":"2024-08-12T12:17:47+00:00","og_image":[{"width":2016,"height":1348,"url":"https:\/\/energieaktivatoren.com\/wp-content\/uploads\/sites\/3\/2020\/05\/schlafplatz-bis.png","type":"image\/png"}],"twitter_card":"summary_large_image","twitter_misc":{"Est. reading time":"1 minute"},"schema":{"@context":"https:\/\/schema.org","@graph":[{"@type":"WebPage","@id":"https:\/\/energieaktivatoren.com\/en\/shop\/basis-2\/","url":"https:\/\/energieaktivatoren.com\/en\/shop\/basis-2\/","name":"Base - \u00b7B\u00b7I\u00b7S\u00b7 Biophysikalischer Immun-Support","isPartOf":{"@id":"https:\/\/energieaktivatoren.com\/en\/#website"},"primaryImageOfPage":{"@id":"https:\/\/energieaktivatoren.com\/en\/shop\/basis-2\/#primaryimage"},"image":{"@id":"https:\/\/energieaktivatoren.com\/en\/shop\/basis-2\/#primaryimage"},"thumbnailUrl":"https:\/\/energieaktivatoren.com\/wp-content\/uploads\/sites\/3\/2020\/05\/schlafplatz-bis.png","datePublished":"2022-12-06T15:35:39+00:00","dateModified":"2024-08-12T12:17:47+00:00","description":"Biophysical immune support for permanent protection against electrosmog. The energy activators stabilize one's own energy field and prevent disturbing influences from being transferred to one's own body.","breadcrumb":{"@id":"https:\/\/energieaktivatoren.com\/en\/shop\/basis-2\/#breadcrumb"},"inLanguage":"en-US","potentialAction":[{"@type":"ReadAction","target":["https:\/\/energieaktivatoren.com\/en\/shop\/basis-2\/"]}]},{"@type":"ImageObject","inLanguage":"en-US","@id":"https:\/\/energieaktivatoren.com\/en\/shop\/basis-2\/#primaryimage","url":"https:\/\/energieaktivatoren.com\/wp-content\/uploads\/sites\/3\/2020\/05\/schlafplatz-bis.png","contentUrl":"https:\/\/energieaktivatoren.com\/wp-content\/uploads\/sites\/3\/2020\/05\/schlafplatz-bis.png","width":2016,"height":1348},{"@type":"BreadcrumbList","@id":"https:\/\/energieaktivatoren.com\/en\/shop\/basis-2\/#breadcrumb","itemListElement":[{"@type":"ListItem","position":1,"name":"Startseite","item":"https:\/\/energieaktivatoren.com\/en\/"},{"@type":"ListItem","position":2,"name":"Shop","item":"https:\/\/energieaktivatoren.com\/en\/shop\/"},{"@type":"ListItem","position":3,"name":"Base"}]},{"@type":"WebSite","@id":"https:\/\/energieaktivatoren.com\/en\/#website","url":"https:\/\/energieaktivatoren.com\/en\/","name":"\u00b7B\u00b7I\u00b7S\u00b7 Biophysikalischer Immun-Support","description":"Biophysikalischer Immunsupport f\u00fcr dauerhaften Schutz vor Elektrosmog. Die Energieaktivatoren stabilisieren das eigene Energiefeld und verhinderen, dass St\u00f6reinfl\u00fcsse auf den eigenen K\u00f6rper \u00fcbertragen werden.","publisher":{"@id":"https:\/\/energieaktivatoren.com\/en\/#organization"},"potentialAction":[{"@type":"SearchAction","target":{"@type":"EntryPoint","urlTemplate":"https:\/\/energieaktivatoren.com\/en\/?s={search_term_string}"},"query-input":{"@type":"PropertyValueSpecification","valueRequired":true,"valueName":"search_term_string"}}],"inLanguage":"en-US"},{"@type":"Organization","@id":"https:\/\/energieaktivatoren.com\/en\/#organization","name":"\u00b7B\u00b7I\u00b7S\u00b7 Biophysikalischer Immun-Support","url":"https:\/\/energieaktivatoren.com\/en\/","logo":{"@type":"ImageObject","inLanguage":"en-US","@id":"https:\/\/energieaktivatoren.com\/en\/#\/schema\/logo\/image\/","url":"https:\/\/staging.energieaktivatoren.com\/wp-content\/uploads\/sites\/3\/2020\/05\/bis-logo_sticky.svg","contentUrl":"https:\/\/staging.energieaktivatoren.com\/wp-content\/uploads\/sites\/3\/2020\/05\/bis-logo_sticky.svg","width":"1024","height":"1024","caption":"\u00b7B\u00b7I\u00b7S\u00b7 Biophysikalischer Immun-Support"},"image":{"@id":"https:\/\/energieaktivatoren.com\/en\/#\/schema\/logo\/image\/"}}]}},"_links":{"self":[{"href":"https:\/\/energieaktivatoren.com\/en\/wp-json\/wp\/v2\/product\/4601","targetHints":{"allow":["GET"]}}],"collection":[{"href":"https:\/\/energieaktivatoren.com\/en\/wp-json\/wp\/v2\/product"}],"about":[{"href":"https:\/\/energieaktivatoren.com\/en\/wp-json\/wp\/v2\/types\/product"}],"wp:featuredmedia":[{"embeddable":true,"href":"https:\/\/energieaktivatoren.com\/en\/wp-json\/wp\/v2\/media\/3180"}],"wp:attachment":[{"href":"https:\/\/energieaktivatoren.com\/en\/wp-json\/wp\/v2\/media?parent=4601"}],"wp:term":[{"taxonomy":"product_brand","embeddable":true,"href":"https:\/\/energieaktivatoren.com\/en\/wp-json\/wp\/v2\/product_brand?post=4601"},{"taxonomy":"product_cat","embeddable":true,"href":"https:\/\/energieaktivatoren.com\/en\/wp-json\/wp\/v2\/product_cat?post=4601"},{"taxonomy":"product_tag","embeddable":true,"href":"https:\/\/energieaktivatoren.com\/en\/wp-json\/wp\/v2\/product_tag?post=4601"}],"curies":[{"name":"wp","href":"https:\/\/api.w.org\/{rel}","templated":true}]}}