{"id":4630,"date":"2021-12-10T12:49:03","date_gmt":"2022-12-06T15:36:07","guid":{"rendered":"https:\/\/energieaktivatoren.com\/shop\/fasciaactive\/"},"modified":"2022-12-06T15:36:07","modified_gmt":"2022-12-06T15:36:07","slug":"fascia-active","status":"publish","type":"product","link":"https:\/\/energieaktivatoren.com\/en\/shop\/fascia-active\/","title":{"rendered":"FasciaActive"},"content":{"rendered":"<p>The activation of the connective tissue supports in particular the supply of the muscles, nerves, organs, tendons and the bone system and also the disposal of damaged and superfluous proteins, fats and cell organelles from these areas.<\/p>\n","protected":false},"excerpt":{"rendered":"<p>The activation of the connective tissue supports in particular the supply of the muscles, nerves, organs, tendons and the bone system and also the disposal of damaged and superfluous proteins, fats and cell organelles from these areas.<\/p>\n","protected":false},"featured_media":4312,"template":"","meta":{"_acf_changed":false,"inline_featured_image":false,"site-sidebar-layout":"default","site-content-layout":"default","ast-site-content-layout":"default","site-content-style":"default","site-sidebar-style":"default","ast-global-header-display":"","ast-banner-title-visibility":"","ast-main-header-display":"","ast-hfb-above-header-display":"","ast-hfb-below-header-display":"","ast-hfb-mobile-header-display":"","site-post-title":"","ast-breadcrumbs-content":"","ast-featured-img":"","footer-sml-layout":"","ast-disable-related-posts":"","theme-transparent-header-meta":"default","adv-header-id-meta":"","stick-header-meta":"default","header-above-stick-meta":"","header-main-stick-meta":"","header-below-stick-meta":"","astra-migrate-meta-layouts":"default","ast-page-background-enabled":"default","ast-page-background-meta":{"desktop":{"background-color":"","background-image":"","background-repeat":"repeat","background-position":"center center","background-size":"auto","background-attachment":"scroll","background-type":"","background-media":"","overlay-type":"","overlay-color":"","overlay-opacity":"","overlay-gradient":""},"tablet":{"background-color":"","background-image":"","background-repeat":"repeat","background-position":"center center","background-size":"auto","background-attachment":"scroll","background-type":"","background-media":"","overlay-type":"","overlay-color":"","overlay-opacity":"","overlay-gradient":""},"mobile":{"background-color":"","background-image":"","background-repeat":"repeat","background-position":"center center","background-size":"auto","background-attachment":"scroll","background-type":"","background-media":"","overlay-type":"","overlay-color":"","overlay-opacity":"","overlay-gradient":""}},"ast-content-background-meta":{"desktop":{"background-color":"var(--ast-global-color-5)","background-image":"","background-repeat":"repeat","background-position":"center center","background-size":"auto","background-attachment":"scroll","background-type":"","background-media":"","overlay-type":"","overlay-color":"","overlay-opacity":"","overlay-gradient":""},"tablet":{"background-color":"var(--ast-global-color-5)","background-image":"","background-repeat":"repeat","background-position":"center center","background-size":"auto","background-attachment":"scroll","background-type":"","background-media":"","overlay-type":"","overlay-color":"","overlay-opacity":"","overlay-gradient":""},"mobile":{"background-color":"var(--ast-global-color-5)","background-image":"","background-repeat":"repeat","background-position":"center center","background-size":"auto","background-attachment":"scroll","background-type":"","background-media":"","overlay-type":"","overlay-color":"","overlay-opacity":"","overlay-gradient":""}}},"product_brand":[],"product_cat":[166],"product_tag":[],"class_list":{"0":"post-4630","1":"product","2":"type-product","3":"status-publish","4":"has-post-thumbnail","6":"product_cat-system-en","7":"desktop-align-center","8":"tablet-align-center","9":"mobile-align-center","10":"ast-product-gallery-layout-vertical","11":"ast-product-gallery-with-no-image","12":"ast-magnify-disabled","14":"first","15":"instock","16":"taxable","17":"shipping-taxable","18":"purchasable","19":"product-type-simple"},"acf":[],"yoast_head":"<!-- This site is optimized with the Yoast SEO plugin v25.9 - https:\/\/yoast.com\/wordpress\/plugins\/seo\/ -->\n<title>FasciaActive - \u00b7B\u00b7I\u00b7S\u00b7 Biophysikalischer Immun-Support<\/title>\n<meta name=\"description\" content=\"Biophysikalischer Immunsupport f\u00fcr dauerhaften Schutz vor Elektrosmog. Die Energieaktivatoren stabilisieren das eigene Energiefeld und verhinderen, dass St\u00f6reinfl\u00fcsse auf den eigenen K\u00f6rper \u00fcbertragen werden.\" \/>\n<meta name=\"robots\" content=\"index, follow, max-snippet:-1, max-image-preview:large, max-video-preview:-1\" \/>\n<link rel=\"canonical\" href=\"https:\/\/energieaktivatoren.com\/en\/shop\/fascia-active\/\" \/>\n<meta property=\"og:locale\" content=\"en_US\" \/>\n<meta property=\"og:type\" content=\"article\" \/>\n<meta property=\"og:title\" content=\"FasciaActive - \u00b7B\u00b7I\u00b7S\u00b7 Biophysikalischer Immun-Support\" \/>\n<meta property=\"og:description\" content=\"Biophysikalischer Immunsupport f\u00fcr dauerhaften Schutz vor Elektrosmog. Die Energieaktivatoren stabilisieren das eigene Energiefeld und verhinderen, dass St\u00f6reinfl\u00fcsse auf den eigenen K\u00f6rper \u00fcbertragen werden.\" \/>\n<meta property=\"og:url\" content=\"https:\/\/energieaktivatoren.com\/en\/shop\/fascia-active\/\" \/>\n<meta property=\"og:site_name\" content=\"\u00b7B\u00b7I\u00b7S\u00b7 Biophysikalischer Immun-Support\" \/>\n<meta property=\"og:image\" content=\"https:\/\/energieaktivatoren.com\/wp-content\/uploads\/sites\/3\/2021\/09\/FaszienAktiv-bis.png\" \/>\n\t<meta property=\"og:image:width\" content=\"1008\" \/>\n\t<meta property=\"og:image:height\" content=\"674\" \/>\n\t<meta property=\"og:image:type\" content=\"image\/png\" \/>\n<meta name=\"twitter:card\" content=\"summary_large_image\" \/>\n<script type=\"application\/ld+json\" class=\"yoast-schema-graph\">{\"@context\":\"https:\/\/schema.org\",\"@graph\":[{\"@type\":\"WebPage\",\"@id\":\"https:\/\/energieaktivatoren.com\/en\/shop\/fascia-active\/\",\"url\":\"https:\/\/energieaktivatoren.com\/en\/shop\/fascia-active\/\",\"name\":\"FasciaActive - \u00b7B\u00b7I\u00b7S\u00b7 Biophysikalischer Immun-Support\",\"isPartOf\":{\"@id\":\"https:\/\/energieaktivatoren.com\/en\/#website\"},\"primaryImageOfPage\":{\"@id\":\"https:\/\/energieaktivatoren.com\/en\/shop\/fascia-active\/#primaryimage\"},\"image\":{\"@id\":\"https:\/\/energieaktivatoren.com\/en\/shop\/fascia-active\/#primaryimage\"},\"thumbnailUrl\":\"https:\/\/energieaktivatoren.com\/wp-content\/uploads\/sites\/3\/2021\/09\/FaszienAktiv-bis.png\",\"datePublished\":\"2022-12-06T15:36:07+00:00\",\"description\":\"Biophysikalischer Immunsupport f\u00fcr dauerhaften Schutz vor Elektrosmog. Die Energieaktivatoren stabilisieren das eigene Energiefeld und verhinderen, dass St\u00f6reinfl\u00fcsse auf den eigenen K\u00f6rper \u00fcbertragen werden.\",\"breadcrumb\":{\"@id\":\"https:\/\/energieaktivatoren.com\/en\/shop\/fascia-active\/#breadcrumb\"},\"inLanguage\":\"en-US\",\"potentialAction\":[{\"@type\":\"ReadAction\",\"target\":[\"https:\/\/energieaktivatoren.com\/en\/shop\/fascia-active\/\"]}]},{\"@type\":\"ImageObject\",\"inLanguage\":\"en-US\",\"@id\":\"https:\/\/energieaktivatoren.com\/en\/shop\/fascia-active\/#primaryimage\",\"url\":\"https:\/\/energieaktivatoren.com\/wp-content\/uploads\/sites\/3\/2021\/09\/FaszienAktiv-bis.png\",\"contentUrl\":\"https:\/\/energieaktivatoren.com\/wp-content\/uploads\/sites\/3\/2021\/09\/FaszienAktiv-bis.png\",\"width\":1008,\"height\":674},{\"@type\":\"BreadcrumbList\",\"@id\":\"https:\/\/energieaktivatoren.com\/en\/shop\/fascia-active\/#breadcrumb\",\"itemListElement\":[{\"@type\":\"ListItem\",\"position\":1,\"name\":\"Startseite\",\"item\":\"https:\/\/energieaktivatoren.com\/en\/\"},{\"@type\":\"ListItem\",\"position\":2,\"name\":\"Shop\",\"item\":\"https:\/\/energieaktivatoren.com\/en\/shop\/\"},{\"@type\":\"ListItem\",\"position\":3,\"name\":\"FasciaActive\"}]},{\"@type\":\"WebSite\",\"@id\":\"https:\/\/energieaktivatoren.com\/en\/#website\",\"url\":\"https:\/\/energieaktivatoren.com\/en\/\",\"name\":\"\u00b7B\u00b7I\u00b7S\u00b7 Biophysikalischer Immun-Support\",\"description\":\"Biophysikalischer Immunsupport f\u00fcr dauerhaften Schutz vor Elektrosmog. Die Energieaktivatoren stabilisieren das eigene Energiefeld und verhinderen, dass St\u00f6reinfl\u00fcsse auf den eigenen K\u00f6rper \u00fcbertragen werden.\",\"publisher\":{\"@id\":\"https:\/\/energieaktivatoren.com\/en\/#organization\"},\"potentialAction\":[{\"@type\":\"SearchAction\",\"target\":{\"@type\":\"EntryPoint\",\"urlTemplate\":\"https:\/\/energieaktivatoren.com\/en\/?s={search_term_string}\"},\"query-input\":{\"@type\":\"PropertyValueSpecification\",\"valueRequired\":true,\"valueName\":\"search_term_string\"}}],\"inLanguage\":\"en-US\"},{\"@type\":\"Organization\",\"@id\":\"https:\/\/energieaktivatoren.com\/en\/#organization\",\"name\":\"\u00b7B\u00b7I\u00b7S\u00b7 Biophysikalischer Immun-Support\",\"url\":\"https:\/\/energieaktivatoren.com\/en\/\",\"logo\":{\"@type\":\"ImageObject\",\"inLanguage\":\"en-US\",\"@id\":\"https:\/\/energieaktivatoren.com\/en\/#\/schema\/logo\/image\/\",\"url\":\"https:\/\/staging.energieaktivatoren.com\/wp-content\/uploads\/sites\/3\/2020\/05\/bis-logo_sticky.svg\",\"contentUrl\":\"https:\/\/staging.energieaktivatoren.com\/wp-content\/uploads\/sites\/3\/2020\/05\/bis-logo_sticky.svg\",\"width\":\"1024\",\"height\":\"1024\",\"caption\":\"\u00b7B\u00b7I\u00b7S\u00b7 Biophysikalischer Immun-Support\"},\"image\":{\"@id\":\"https:\/\/energieaktivatoren.com\/en\/#\/schema\/logo\/image\/\"}}]}<\/script>\n<!-- \/ Yoast SEO plugin. -->","yoast_head_json":{"title":"FasciaActive - \u00b7B\u00b7I\u00b7S\u00b7 Biophysikalischer Immun-Support","description":"Biophysikalischer Immunsupport f\u00fcr dauerhaften Schutz vor Elektrosmog. Die Energieaktivatoren stabilisieren das eigene Energiefeld und verhinderen, dass St\u00f6reinfl\u00fcsse auf den eigenen K\u00f6rper \u00fcbertragen werden.","robots":{"index":"index","follow":"follow","max-snippet":"max-snippet:-1","max-image-preview":"max-image-preview:large","max-video-preview":"max-video-preview:-1"},"canonical":"https:\/\/energieaktivatoren.com\/en\/shop\/fascia-active\/","og_locale":"en_US","og_type":"article","og_title":"FasciaActive - \u00b7B\u00b7I\u00b7S\u00b7 Biophysikalischer Immun-Support","og_description":"Biophysikalischer Immunsupport f\u00fcr dauerhaften Schutz vor Elektrosmog. Die Energieaktivatoren stabilisieren das eigene Energiefeld und verhinderen, dass St\u00f6reinfl\u00fcsse auf den eigenen K\u00f6rper \u00fcbertragen werden.","og_url":"https:\/\/energieaktivatoren.com\/en\/shop\/fascia-active\/","og_site_name":"\u00b7B\u00b7I\u00b7S\u00b7 Biophysikalischer Immun-Support","og_image":[{"width":1008,"height":674,"url":"https:\/\/energieaktivatoren.com\/wp-content\/uploads\/sites\/3\/2021\/09\/FaszienAktiv-bis.png","type":"image\/png"}],"twitter_card":"summary_large_image","schema":{"@context":"https:\/\/schema.org","@graph":[{"@type":"WebPage","@id":"https:\/\/energieaktivatoren.com\/en\/shop\/fascia-active\/","url":"https:\/\/energieaktivatoren.com\/en\/shop\/fascia-active\/","name":"FasciaActive - \u00b7B\u00b7I\u00b7S\u00b7 Biophysikalischer Immun-Support","isPartOf":{"@id":"https:\/\/energieaktivatoren.com\/en\/#website"},"primaryImageOfPage":{"@id":"https:\/\/energieaktivatoren.com\/en\/shop\/fascia-active\/#primaryimage"},"image":{"@id":"https:\/\/energieaktivatoren.com\/en\/shop\/fascia-active\/#primaryimage"},"thumbnailUrl":"https:\/\/energieaktivatoren.com\/wp-content\/uploads\/sites\/3\/2021\/09\/FaszienAktiv-bis.png","datePublished":"2022-12-06T15:36:07+00:00","description":"Biophysikalischer Immunsupport f\u00fcr dauerhaften Schutz vor Elektrosmog. Die Energieaktivatoren stabilisieren das eigene Energiefeld und verhinderen, dass St\u00f6reinfl\u00fcsse auf den eigenen K\u00f6rper \u00fcbertragen werden.","breadcrumb":{"@id":"https:\/\/energieaktivatoren.com\/en\/shop\/fascia-active\/#breadcrumb"},"inLanguage":"en-US","potentialAction":[{"@type":"ReadAction","target":["https:\/\/energieaktivatoren.com\/en\/shop\/fascia-active\/"]}]},{"@type":"ImageObject","inLanguage":"en-US","@id":"https:\/\/energieaktivatoren.com\/en\/shop\/fascia-active\/#primaryimage","url":"https:\/\/energieaktivatoren.com\/wp-content\/uploads\/sites\/3\/2021\/09\/FaszienAktiv-bis.png","contentUrl":"https:\/\/energieaktivatoren.com\/wp-content\/uploads\/sites\/3\/2021\/09\/FaszienAktiv-bis.png","width":1008,"height":674},{"@type":"BreadcrumbList","@id":"https:\/\/energieaktivatoren.com\/en\/shop\/fascia-active\/#breadcrumb","itemListElement":[{"@type":"ListItem","position":1,"name":"Startseite","item":"https:\/\/energieaktivatoren.com\/en\/"},{"@type":"ListItem","position":2,"name":"Shop","item":"https:\/\/energieaktivatoren.com\/en\/shop\/"},{"@type":"ListItem","position":3,"name":"FasciaActive"}]},{"@type":"WebSite","@id":"https:\/\/energieaktivatoren.com\/en\/#website","url":"https:\/\/energieaktivatoren.com\/en\/","name":"\u00b7B\u00b7I\u00b7S\u00b7 Biophysikalischer Immun-Support","description":"Biophysikalischer Immunsupport f\u00fcr dauerhaften Schutz vor Elektrosmog. Die Energieaktivatoren stabilisieren das eigene Energiefeld und verhinderen, dass St\u00f6reinfl\u00fcsse auf den eigenen K\u00f6rper \u00fcbertragen werden.","publisher":{"@id":"https:\/\/energieaktivatoren.com\/en\/#organization"},"potentialAction":[{"@type":"SearchAction","target":{"@type":"EntryPoint","urlTemplate":"https:\/\/energieaktivatoren.com\/en\/?s={search_term_string}"},"query-input":{"@type":"PropertyValueSpecification","valueRequired":true,"valueName":"search_term_string"}}],"inLanguage":"en-US"},{"@type":"Organization","@id":"https:\/\/energieaktivatoren.com\/en\/#organization","name":"\u00b7B\u00b7I\u00b7S\u00b7 Biophysikalischer Immun-Support","url":"https:\/\/energieaktivatoren.com\/en\/","logo":{"@type":"ImageObject","inLanguage":"en-US","@id":"https:\/\/energieaktivatoren.com\/en\/#\/schema\/logo\/image\/","url":"https:\/\/staging.energieaktivatoren.com\/wp-content\/uploads\/sites\/3\/2020\/05\/bis-logo_sticky.svg","contentUrl":"https:\/\/staging.energieaktivatoren.com\/wp-content\/uploads\/sites\/3\/2020\/05\/bis-logo_sticky.svg","width":"1024","height":"1024","caption":"\u00b7B\u00b7I\u00b7S\u00b7 Biophysikalischer Immun-Support"},"image":{"@id":"https:\/\/energieaktivatoren.com\/en\/#\/schema\/logo\/image\/"}}]}},"_links":{"self":[{"href":"https:\/\/energieaktivatoren.com\/en\/wp-json\/wp\/v2\/product\/4630","targetHints":{"allow":["GET"]}}],"collection":[{"href":"https:\/\/energieaktivatoren.com\/en\/wp-json\/wp\/v2\/product"}],"about":[{"href":"https:\/\/energieaktivatoren.com\/en\/wp-json\/wp\/v2\/types\/product"}],"wp:featuredmedia":[{"embeddable":true,"href":"https:\/\/energieaktivatoren.com\/en\/wp-json\/wp\/v2\/media\/4312"}],"wp:attachment":[{"href":"https:\/\/energieaktivatoren.com\/en\/wp-json\/wp\/v2\/media?parent=4630"}],"wp:term":[{"taxonomy":"product_brand","embeddable":true,"href":"https:\/\/energieaktivatoren.com\/en\/wp-json\/wp\/v2\/product_brand?post=4630"},{"taxonomy":"product_cat","embeddable":true,"href":"https:\/\/energieaktivatoren.com\/en\/wp-json\/wp\/v2\/product_cat?post=4630"},{"taxonomy":"product_tag","embeddable":true,"href":"https:\/\/energieaktivatoren.com\/en\/wp-json\/wp\/v2\/product_tag?post=4630"}],"curies":[{"name":"wp","href":"https:\/\/api.w.org\/{rel}","templated":true}]}}